{"id":32,"date":"2022-10-07T11:19:41","date_gmt":"2022-10-07T09:19:41","guid":{"rendered":"https:\/\/escrebieux-environnement.fr\/site\/?page_id=32"},"modified":"2025-03-10T16:03:57","modified_gmt":"2025-03-10T15:03:57","slug":"contact","status":"publish","type":"page","link":"https:\/\/escrebieux-environnement.fr\/site\/contact\/","title":{"rendered":"Contact"},"content":{"rendered":"\n<figure class=\"wp-block-image size-large\"><img loading=\"lazy\" decoding=\"async\" width=\"1024\" height=\"363\" src=\"https:\/\/escrebieux-environnement.fr\/site\/wp-content\/uploads\/2022\/10\/Escrebieux-Hier-1024x363.jpg\" alt=\"\" class=\"wp-image-237\" srcset=\"https:\/\/escrebieux-environnement.fr\/site\/wp-content\/uploads\/2022\/10\/Escrebieux-Hier-1024x363.jpg 1024w, https:\/\/escrebieux-environnement.fr\/site\/wp-content\/uploads\/2022\/10\/Escrebieux-Hier-300x106.jpg 300w, https:\/\/escrebieux-environnement.fr\/site\/wp-content\/uploads\/2022\/10\/Escrebieux-Hier-768x272.jpg 768w, https:\/\/escrebieux-environnement.fr\/site\/wp-content\/uploads\/2022\/10\/Escrebieux-Hier.jpg 1027w\" sizes=\"auto, (max-width: 1024px) 100vw, 1024px\" \/><\/figure>\n\n\n\n<h2 class=\"wp-block-heading has-text-align-center\">Pour \u00e9crire ou t\u00e9l\u00e9phoner ou adh\u00e9rer<\/h2>\n\n\n\n<p><strong>Pierre ROSE&nbsp;; 5 ter, rue des aub\u00e9pines \u00e0 Qui\u00e9ry-la-Motte ; 0321 50 14 10<\/strong><\/p>\n\n\n\n<p><strong>Christian DEJAIGHER\u00a0; 24 rue des aub\u00e9pines \u00e0 Qui\u00e9ry-la-Motte ; 0687 43 54 84<\/strong><\/p>\n\n\n\n<p><strong>Marie Claude LIEVIN&nbsp;; 9, rue de Beaumont \u00e0 Qui\u00e9ry-la-Motte&nbsp;; 0630 11 48 56<\/strong><\/p>\n\n\n\n<p><strong>Florian PARISOT ; 7, rue du Cornet \u00e0 Izel-l\u00e8s-\u00caquerchin<\/strong> <strong>; 0638 37 96 38<\/strong><\/p>\n\n\n\n<h2 class=\"wp-block-heading has-text-align-center\"><strong>Par mail <\/strong><\/h2>\n\n\n\n<p class=\"has-medium-font-size\"><br><a href=\"mailto:prose62490@gmail.com\"><strong>prose62490@gmail.com<\/strong><\/a><\/p>\n\n\n\n<p class=\"has-medium-font-size\"><br><a href=\"mailto:christian.dejaigher@laposte.net\"><strong>christian.dejaigher@laposte.net<\/strong><\/a><\/p>\n\n\n\n<p><\/p>\n","protected":false},"excerpt":{"rendered":"<p>Par courrier, par t\u00e9l\u00e9phone ou par mail<\/p>\n","protected":false},"author":2,"featured_media":706,"parent":0,"menu_order":0,"comment_status":"closed","ping_status":"closed","template":"","meta":{"footnotes":""},"class_list":["post-32","page","type-page","status-publish","has-post-thumbnail","hentry"],"_links":{"self":[{"href":"https:\/\/escrebieux-environnement.fr\/site\/wp-json\/wp\/v2\/pages\/32","targetHints":{"allow":["GET"]}}],"collection":[{"href":"https:\/\/escrebieux-environnement.fr\/site\/wp-json\/wp\/v2\/pages"}],"about":[{"href":"https:\/\/escrebieux-environnement.fr\/site\/wp-json\/wp\/v2\/types\/page"}],"author":[{"embeddable":true,"href":"https:\/\/escrebieux-environnement.fr\/site\/wp-json\/wp\/v2\/users\/2"}],"replies":[{"embeddable":true,"href":"https:\/\/escrebieux-environnement.fr\/site\/wp-json\/wp\/v2\/comments?post=32"}],"version-history":[{"count":13,"href":"https:\/\/escrebieux-environnement.fr\/site\/wp-json\/wp\/v2\/pages\/32\/revisions"}],"predecessor-version":[{"id":1455,"href":"https:\/\/escrebieux-environnement.fr\/site\/wp-json\/wp\/v2\/pages\/32\/revisions\/1455"}],"wp:featuredmedia":[{"embeddable":true,"href":"https:\/\/escrebieux-environnement.fr\/site\/wp-json\/wp\/v2\/media\/706"}],"wp:attachment":[{"href":"https:\/\/escrebieux-environnement.fr\/site\/wp-json\/wp\/v2\/media?parent=32"}],"curies":[{"name":"wp","href":"https:\/\/api.w.org\/{rel}","templated":true}]}}