{"id":44,"date":"2022-10-08T10:12:42","date_gmt":"2022-10-08T08:12:42","guid":{"rendered":"https:\/\/escrebieux-environnement.fr\/site\/?page_id=44"},"modified":"2025-03-10T16:03:33","modified_gmt":"2025-03-10T15:03:33","slug":"notre-association","status":"publish","type":"page","link":"https:\/\/escrebieux-environnement.fr\/site\/notre-association\/","title":{"rendered":"Association"},"content":{"rendered":"\n<figure class=\"wp-block-image aligncenter size-full\"><img loading=\"lazy\" decoding=\"async\" width=\"512\" height=\"512\" src=\"https:\/\/escrebieux-environnement.fr\/site\/wp-content\/uploads\/2022\/10\/cropped-Logo-NonEoliennes-Escrebieux2.jpg\" alt=\"\" class=\"wp-image-123\" srcset=\"https:\/\/escrebieux-environnement.fr\/site\/wp-content\/uploads\/2022\/10\/cropped-Logo-NonEoliennes-Escrebieux2.jpg 512w, https:\/\/escrebieux-environnement.fr\/site\/wp-content\/uploads\/2022\/10\/cropped-Logo-NonEoliennes-Escrebieux2-300x300.jpg 300w, https:\/\/escrebieux-environnement.fr\/site\/wp-content\/uploads\/2022\/10\/cropped-Logo-NonEoliennes-Escrebieux2-150x150.jpg 150w, https:\/\/escrebieux-environnement.fr\/site\/wp-content\/uploads\/2022\/10\/cropped-Logo-NonEoliennes-Escrebieux2-270x270.jpg 270w, https:\/\/escrebieux-environnement.fr\/site\/wp-content\/uploads\/2022\/10\/cropped-Logo-NonEoliennes-Escrebieux2-192x192.jpg 192w, https:\/\/escrebieux-environnement.fr\/site\/wp-content\/uploads\/2022\/10\/cropped-Logo-NonEoliennes-Escrebieux2-180x180.jpg 180w, https:\/\/escrebieux-environnement.fr\/site\/wp-content\/uploads\/2022\/10\/cropped-Logo-NonEoliennes-Escrebieux2-32x32.jpg 32w\" sizes=\"auto, (max-width: 512px) 100vw, 512px\" \/><\/figure>\n\n\n\n<h2 class=\"has-text-align-center wp-block-heading\">Pour adh\u00e9rer<\/h2>\n\n\n\n<h2 class=\"wp-block-heading\">C&rsquo;est indispensable pour que l&rsquo;association existe gr\u00e2ce \u00e0 tous les adh\u00e9rentes et adh\u00e9rents.<\/h2>\n\n\n\n<h2 class=\"has-text-align-center wp-block-heading\">Montant minimum : 5 \u20ac<\/h2>\n\n\n\n<p class=\"has-medium-font-size\"><strong>Envoyer un ch\u00e8que (au nom de \u00ab\u00a0ESCREBIEUX\u00a0\u00bb) ; ou du liquide  \u00e0 l&rsquo;une des personnes suivantes : <\/strong><\/p>\n\n\n\n<p><strong>Pierre ROSE&nbsp;; 5 ter, rue des aub\u00e9pines \u00e0 Qui\u00e9ry-la-Motte ; 0321 50 14 10<\/strong><\/p>\n\n\n\n<p><strong>Christian DEJAIGHER&nbsp;; 24, rue des aub\u00e9pines \u00e0 Qui\u00e9ry-la-Motte ; 0983 53 28 79<\/strong><\/p>\n\n\n\n<p><strong>Florian PARISOT ; 7, rue du Cornet \u00e0 Izel-l\u00e8s-\u00caquerchin<\/strong> <strong>; 0638 37 96 38<\/strong><\/p>\n\n\n\n<p><strong>Marie Claude LIEVIN&nbsp;; 9, rue de Beaumont \u00e0 Qui\u00e9ry-la-Motte&nbsp;; 0630 11 48 56<\/strong><\/p>\n\n\n\n<p><strong>Jacques MARTINET ; 11, rue d\u2019Esquerchin \u00e0 Izel-l\u00e8s-\u00caquerchin ; 0611 97 24 38<\/strong><\/p>\n\n\n\n<h2 class=\"has-text-align-center wp-block-heading\">MODALITE d&rsquo;adh\u00e9sion<\/h2>\n\n\n\n<p class=\"has-vivid-red-color has-text-color has-medium-font-size\"><strong>Remplir le document ci-dessous, en UN SEUL EXEMPLAIRE<\/strong> <strong>:<\/strong><\/p>\n\n\n\n<div class=\"wp-block-file\"><a id=\"wp-block-file--media-5d546860-ccaf-4b69-8a3c-98b0a3a630ba\" href=\"https:\/\/escrebieux-environnement.fr\/site\/wp-content\/uploads\/2022\/11\/Bulletin-Adhesion-Escrebieux-2211.doc\"><strong>Bulletin Adh\u00e9sion Escrebieux 2211<\/strong><\/a><a href=\"https:\/\/escrebieux-environnement.fr\/site\/wp-content\/uploads\/2022\/11\/Bulletin-Adhesion-Escrebieux-2211.doc\" class=\"wp-block-file__button wp-element-button\" download aria-describedby=\"wp-block-file--media-5d546860-ccaf-4b69-8a3c-98b0a3a630ba\">T\u00e9l\u00e9charger<\/a><\/div>\n\n\n\n<p class=\"has-medium-font-size\"><strong>Puis -avec le moyen de paiement- le donner<\/strong><\/p>\n\n\n\n<p class=\"has-medium-font-size\"><strong>ou l&rsquo;adresser \u00e0 :<\/strong> <strong><em>ESCREBIEUX ; 5 ter, rue des aub\u00e9pines 62490 QUIERY LA MOTTE<\/em><\/strong><\/p>\n\n\n\n<p class=\"has-text-align-center\">** ** ** ** ** **<\/p>\n\n\n\n<h2 class=\"has-text-align-center wp-block-heading\">AG de l&rsquo;association ESCREBIEUX<\/h2>\n\n\n\n<p><strong>Elle aura lieu le samedi 29 octobre \u00e0 Qui\u00e9ry-la-Motte<\/strong><\/p>\n\n\n\n<p>Pour en savoir plus, allez sur la <strong>page \u00ab\u00a0LES ACTIONS\u00a0\u00bb<\/strong> :<\/p>\n\n\n\n<figure class=\"wp-block-embed is-type-wp-embed is-provider-escrebieux-environnement wp-block-embed-escrebieux-environnement\"><div class=\"wp-block-embed__wrapper\">\n<blockquote class=\"wp-embedded-content\" data-secret=\"d6PaeVyzmP\"><a href=\"https:\/\/escrebieux-environnement.fr\/site\/les-actions\/\">Les actions<\/a><\/blockquote><iframe loading=\"lazy\" class=\"wp-embedded-content\" sandbox=\"allow-scripts\" security=\"restricted\" style=\"position: absolute; visibility: hidden;\" title=\"\u00ab\u00a0Les actions\u00a0\u00bb &#8212; ESCREBIEUX-environnement\" src=\"https:\/\/escrebieux-environnement.fr\/site\/les-actions\/embed\/#?secret=BimmpOPAUz#?secret=d6PaeVyzmP\" data-secret=\"d6PaeVyzmP\" width=\"500\" height=\"282\" frameborder=\"0\" marginwidth=\"0\" marginheight=\"0\" scrolling=\"no\"><\/iframe>\n<\/div><\/figure>\n\n\n\n<h2 class=\"has-text-align-center wp-block-heading\"><strong>STATUTS DE L\u2019ASSOCIATION \u00ab ESCREBIEUX \u00bb<\/strong><\/h2>\n\n\n\n<p>Article 1<sup>er&nbsp;<\/sup>: L\u2019association dite \u00ab&nbsp;ESCREBIEUX\u00bb, fond\u00e9e en juin 1997, est r\u00e9gie par la loi du 1<sup>er<\/sup> juillet 1901 et le d\u00e9cret du 16 ao\u00fbt 1901.<\/p>\n\n\n\n<p>Article 2&nbsp;: Elle a pour but de d\u00e9fendre et de pr\u00e9server l\u2019environnement de l\u2019Escrebieux ainsi que ses riverains. La dur\u00e9e de l\u2019association est illimit\u00e9e.<\/p>\n\n\n\n<p>Article 3&nbsp;: Le si\u00e8ge social est fix\u00e9 au domicile du Pr\u00e9sident.<\/p>\n\n\n\n<p>Article 4&nbsp;: Pour faire partie de l\u2019association, il faut \u00eatre agr\u00e9\u00e9 par le bureau qui statue, lors de chacune de ses r\u00e9unions, sur les demandes d\u2019admission pr\u00e9sent\u00e9es.<\/p>\n\n\n\n<p>Article 5&nbsp;: L\u2019association se compose de membres d\u2019honneur, membres bienfaiteurs, membres actifs et membres adh\u00e9rents. Sont membres d\u2019honneur ceux qui ont rendu des services signal\u00e9s \u00e0 l\u2019association&nbsp;; ils sont dispens\u00e9s de cotisations. Sont membres bienfaiteurs ceux qui font un don manuel \u00e0 l\u2019association. Sont membres actifs les personnes qui versent une cotisation fix\u00e9e chaque ann\u00e9e par l\u2019Assembl\u00e9e g\u00e9n\u00e9rale et qui participent \u00e0 l\u2019organisation, \u00e0 la vie de l\u2019association. Sont membres adh\u00e9rents ceux qui ont pris l\u2019engagement de verser annuellement une cotisation fix\u00e9e chaque ann\u00e9e.<\/p>\n\n\n\n<p>Article 6&nbsp;: La qualit\u00e9 de membre se perd par la d\u00e9mission ou le d\u00e9c\u00e8s&nbsp;; elle se perd \u00e9galement par la radiation prononc\u00e9e par le Conseil d\u2019Administration pour non paiement de la cotisation ou pour motif grave, l\u2019int\u00e9ress\u00e9 ayant \u00e9t\u00e9 invit\u00e9 par lettre recommand\u00e9e \u00e0 se pr\u00e9senter devant le bureau pour fournir des explications.<\/p>\n\n\n\n<p>Article 7&nbsp;: Les ressources de l\u2019association comprennent, soit les montants des droits d\u2019entr\u00e9e et des cotisations, soit les subventions de l\u2019Etat, des r\u00e9gions, des d\u00e9partements, des communes et de leurs \u00e9tablissements publics, soit les dons manuels ainsi que les dons des \u00e9tablissements d\u2019utilit\u00e9 publique.<\/p>\n\n\n\n<p>Article 8&nbsp;: L\u2019association est dirig\u00e9e par un Conseil d\u2019Administration de 6 membres \u00e9lus pour trois ann\u00e9es par l\u2019Assembl\u00e9e G\u00e9n\u00e9rale. Le Conseil d\u2019Administration choisit parmi ses membres (par bulletin secret si la demande est faite par un des membres) un Bureau compos\u00e9 de&nbsp;: un Pr\u00e9sident, un vice-Pr\u00e9sident, un Secr\u00e9taire et un Tr\u00e9sorier.<\/p>\n\n\n\n<p>Le Conseil est renouvel\u00e9 par tiers chaque ann\u00e9e. Les premiers membres sortants sont d\u00e9sign\u00e9s par tirage au sort. Les membres sortants sont r\u00e9\u00e9ligibles.<\/p>\n\n\n\n<p>En cas de vacance, le Conseil pourvoit provisoirement au remplacement de ses membres. Il est proc\u00e9d\u00e9 \u00e0 leur remplacement d\u00e9finitif par la plus prochaine Assembl\u00e9e G\u00e9n\u00e9rale. Les pouvoirs des membres ainsi \u00e9lus prennent fin \u00e0 l\u2019\u00e9poque o\u00f9 devrait normalement expirer le mandat des membres remplac\u00e9s.<\/p>\n\n\n\n<p>Article 9&nbsp;: Le Conseil d\u2019Administration se r\u00e9unit une fois au moins tous les six mois, sur convocation du Pr\u00e9sident ou sur la demande du quart des membres. Les d\u00e9cisions sont prises \u00e0 la majorit\u00e9 des voix&nbsp;; en cas de partage, la voix du Pr\u00e9sident est pr\u00e9pond\u00e9rante. Tout membre du Conseil qui, sans excuse, n\u2019aura pas assist\u00e9 \u00e0 trois r\u00e9unions cons\u00e9cutives pourra \u00eatre consid\u00e9r\u00e9 comme d\u00e9missionnaire. Nul ne peut faire partie du Conseil s\u2019il n\u2019est pas majeur et s\u2019il n\u2019est pas \u00e0 jour de ses cotisations.<\/p>\n\n\n\n<p>Article 10&nbsp;: L\u2019Assembl\u00e9e G\u00e9n\u00e9rale ordinaire comprend tous les membres de l\u2019Association \u00e0 quelque titre qu\u2019ils y soient affili\u00e9s. Elle se r\u00e9unit chaque ann\u00e9e. Quelques jours avant la date fix\u00e9e, les membres de l\u2019association sont convoqu\u00e9s par les soins du Secr\u00e9taire. L\u2019ordre du jour est indiqu\u00e9 sur les convocations. Le Pr\u00e9sident, assist\u00e9 des membres du Conseil d\u2019Administration, pr\u00e9side l\u2019Assembl\u00e9e et expose la situation morale de l\u2019association. Le tr\u00e9sorier rend compte de sa gestion et soumet le bilan \u00e0 l\u2019approbation de l\u2019Assembl\u00e9e. L\u2019assembl\u00e9e g\u00e9n\u00e9rale fixe le montant des cotisations annuelles Ne peuvent participer au vote que les membres \u00e0 jour de leur cotisation au moment de la r\u00e9union de l\u2019Assembl\u00e9e G\u00e9n\u00e9rale. Il est proc\u00e9d\u00e9, apr\u00e8s \u00e9puisement de l\u2019ordre du jour, au remplacement des membres du Conseil sortants, dans les conditions fix\u00e9es par l\u2019article 9. Ne devront \u00eatre trait\u00e9es, lors de l\u2019Assembl\u00e9e G\u00e9n\u00e9rale, que les questions soumises \u00e0 l\u2019ordre du jour.<\/p>\n\n\n\n<p>Article 11&nbsp;: Si besoin est, ou sur la demande de la moiti\u00e9 plus un des membres inscrits, le Pr\u00e9sident peut convoquer une Assembl\u00e9e G\u00e9n\u00e9rale extraordinaire, suivant les modalit\u00e9s pr\u00e9vues par l\u2019article 10.<\/p>\n\n\n\n<p>Article 12&nbsp;: L\u2019association est repr\u00e9sent\u00e9e en justice et dans tous les actes de la vie civile par son Pr\u00e9sident ou, \u00e0 d\u00e9faut, par tout autre membre du Conseil d\u2019Administration sp\u00e9cialement habilit\u00e9 \u00e0 cet effet par le Conseil.<\/p>\n\n\n\n<p>Article 13&nbsp;: Un r\u00e8glement int\u00e9rieur peut \u00eatre \u00e9tabli par le Conseil d\u2019Administration qui le fait alors approuver par l\u2019Assembl\u00e9e G\u00e9n\u00e9rale. Ce r\u00e8glement \u00e9ventuel est destin\u00e9 \u00e0 fixer les divers points non pr\u00e9vus par les statuts, notamment ceux qui ont trait \u00e0 l\u2019administration interne de l\u2019association.<\/p>\n\n\n\n<p>Article 14&nbsp;: En cas de dissolution prononc\u00e9e par les deux tiers au moins des membres pr\u00e9sents \u00e0 l\u2019Assembl\u00e9e G\u00e9n\u00e9rale, un ou plusieurs liquidateurs sont nomm\u00e9s par celle-ci et l\u2019actif, s\u2019il y a lieu, est d\u00e9volu conform\u00e9ment \u00e0 l\u2019article 9 de la loi du 1<sup>er<\/sup> juillet 1901 et au d\u00e9cret du 16 ao\u00fbt 1901.<\/p>\n\n\n\n<p>Statuts adopt\u00e9s \u00e0 Qui\u00e9ry, le 30 juin 2021<\/p>\n\n\n\n<p><\/p>\n","protected":false},"excerpt":{"rendered":"<p>Date de l&rsquo;AG et statuts de l&rsquo;associaiton<\/p>\n","protected":false},"author":2,"featured_media":706,"parent":0,"menu_order":0,"comment_status":"closed","ping_status":"closed","template":"","meta":{"footnotes":""},"class_list":["post-44","page","type-page","status-publish","has-post-thumbnail","hentry"],"_links":{"self":[{"href":"https:\/\/escrebieux-environnement.fr\/site\/wp-json\/wp\/v2\/pages\/44","targetHints":{"allow":["GET"]}}],"collection":[{"href":"https:\/\/escrebieux-environnement.fr\/site\/wp-json\/wp\/v2\/pages"}],"about":[{"href":"https:\/\/escrebieux-environnement.fr\/site\/wp-json\/wp\/v2\/types\/page"}],"author":[{"embeddable":true,"href":"https:\/\/escrebieux-environnement.fr\/site\/wp-json\/wp\/v2\/users\/2"}],"replies":[{"embeddable":true,"href":"https:\/\/escrebieux-environnement.fr\/site\/wp-json\/wp\/v2\/comments?post=44"}],"version-history":[{"count":19,"href":"https:\/\/escrebieux-environnement.fr\/site\/wp-json\/wp\/v2\/pages\/44\/revisions"}],"predecessor-version":[{"id":392,"href":"https:\/\/escrebieux-environnement.fr\/site\/wp-json\/wp\/v2\/pages\/44\/revisions\/392"}],"wp:featuredmedia":[{"embeddable":true,"href":"https:\/\/escrebieux-environnement.fr\/site\/wp-json\/wp\/v2\/media\/706"}],"wp:attachment":[{"href":"https:\/\/escrebieux-environnement.fr\/site\/wp-json\/wp\/v2\/media?parent=44"}],"curies":[{"name":"wp","href":"https:\/\/api.w.org\/{rel}","templated":true}]}}